{"id":8021,"date":"2020-04-23T10:48:58","date_gmt":"2020-04-23T08:48:58","guid":{"rendered":"https:\/\/wpa-staging1.fiderio.tech\/?page_id=8021"},"modified":"2021-09-02T10:37:13","modified_gmt":"2021-09-02T08:37:13","slug":"replacement-parts-for-waterjet-in-karlsruhe","status":"publish","type":"page","link":"https:\/\/wpa-shop.com\/de\/ersatzteile\/ersatzteile-fuer-wasserstrahlmaschinen-in-karlsruhe\/","title":{"rendered":"Ersatzteile f\u00fcr Wasserstrahlmaschinen in Karlsruhe"},"content":{"rendered":"<div class=\"wp-block-media-text alignfull is-stacked-on-mobile is-vertically-aligned-center has-very-dark-gray-background-color has-text-color has-background\" style=\"color:#ffffff\"><figure class=\"wp-block-media-text__media\"><img decoding=\"async\" width=\"1024\" height=\"559\" src=\"https:\/\/wpa-shop.com\/wp-content\/uploads\/2020\/01\/start_shop_hell-1024x559.jpg\" alt=\"\" class=\"wp-image-7511 size-full\" title=\"\" srcset=\"https:\/\/wpa-shop.com\/wp-content\/uploads\/2020\/01\/start_shop_hell-1024x559.jpg 1024w, https:\/\/wpa-shop.com\/wp-content\/uploads\/2020\/01\/start_shop_hell-600x327.jpg 600w, https:\/\/wpa-shop.com\/wp-content\/uploads\/2020\/01\/start_shop_hell-500x273.jpg 500w, https:\/\/wpa-shop.com\/wp-content\/uploads\/2020\/01\/start_shop_hell-768x419.jpg 768w, https:\/\/wpa-shop.com\/wp-content\/uploads\/2020\/01\/start_shop_hell-1536x838.jpg 1536w, https:\/\/wpa-shop.com\/wp-content\/uploads\/2020\/01\/start_shop_hell-400x218.jpg 400w, https:\/\/wpa-shop.com\/wp-content\/uploads\/2020\/01\/start_shop_hell.jpg 1980w\" sizes=\"(max-width: 1024px) 100vw, 1024px\" \/><\/figure><div class=\"wp-block-media-text__content\">\n<h2 class=\"has-text-color wp-block-heading\" style=\"color:#ffffff\">Sie ben\u00f6tigen dringend Ersatzteile f\u00fcr Ihre Wasserstrahlmaschine in Karlsruhe?<\/h2>\n\n\n\n<p class=\"has-text-color\" style=\"color:#ffffff\">We got you covered.<br>Thanks to our local warehouse in Karlsruhe we have almost every item in Stock.<br>And due to our cooperation with shipping companies we can deliver with an express option.<br>With our help and our parts your waterjet machine will be like new again.<br>No matter what Brand of waterjet machine or high pressure component you are using in Karlsruhe: Hypertherm, AccuStream, WaterjetSweden, Flow, H2O and many more&#8230;<br>We deliver!<\/p>\n<\/div><\/div>\n\n\n\n<h2 class=\"wp-block-heading\">Besuchen Sie unseren Shop und erhalten Sie Ihre Ersatzteile.<\/h2>\n\n\n\n<p>Entdecken Sie unser breites Produktangebot mit nur einem Klick. Wir unterst\u00fctzen Sie bei jedem Schritt: Das richtige Ersatzteil zu finden, es rechtzeitig zu Ihnen zu bringen, das Teil in Ihrer Maschine zu ersetzen und schlie\u00dflich Ihre Maschine wieder perfekt in Betrieb zu nehmen.<\/p>\n\n\n\n<div class=\"wp-block-buttons is-layout-flex wp-block-buttons-is-layout-flex\">\n<div class=\"wp-block-button\"><a class=\"wp-block-button__link\" href=\"https:\/\/wpa-shop.com\/de\/shop\/\">Besuchen Sie unseren Shop und erhalten Sie Ihre Ersatzteile<\/a><\/div>\n<\/div>\n\n\n\n<h2 class=\"wp-block-heading\">Kennen Sie unsere Schulungskurse f\u00fcr Wasserstrahlmaschinen und Software?<\/h2>\n\n\n\n<p class=\"translation-block\">Sehen Sie sich unser breites Angebot an Schulungskursen an oder fordern Sie einen auf Ihre Bed\u00fcrfnisse zugeschnittenen Kurs an.<br> Ganz gleich, in welcher Position Sie t\u00e4tig sind, ob Sie Maschinenbediener oder CEO sind, wir k\u00f6nnen Ihr Gesch\u00e4ft mit unseren Schulungskursen verbessern. Von Softwareschulungen bis hin zur vollst\u00e4ndigen Nutzung des Wasserstrahls in einem unternehmensweiten Kontext und zur effizienteren Nutzung der Technologie.<\/p>\n\n\n\n<div class=\"wp-block-buttons is-layout-flex wp-block-buttons-is-layout-flex\">\n<div class=\"wp-block-button\"><a class=\"wp-block-button__link\" href=\"https:\/\/wpa-shop.com\/de\/training\/\">Sehen Sie sich unsere Schulungskurse an<\/a><\/div>\n<\/div>\n\n\n\n<div class=\"wp-block-cover alignfull has-background-dim has-parallax\" style=\"background-image:url(https:\/\/wpa-shop.com\/wp-content\/uploads\/2020\/02\/ContactSlider-1.jpg)\"><div class=\"wp-block-cover__inner-container is-layout-flow wp-block-cover-is-layout-flow\">\n<p class=\"has-text-align-center has-large-font-size translation-block\">Kontaktieren Sie uns und erhalten Sie Ihre Teile.<br>Wir liefern!<\/p>\n<\/div><\/div>","protected":false},"excerpt":{"rendered":"<p>You urgently need Spare parts for your waterjet machine? We got you covered.Thanks to our local warehouse in Karlsruhe we have almost every item in Stock.And due to our cooperation with shipping companies we can deliver with an express option.With our help and our parts your waterjet machine will be like new again.No matter what [&hellip;]<\/p>\n","protected":false},"author":487,"featured_media":0,"parent":8067,"menu_order":0,"comment_status":"closed","ping_status":"closed","template":"","meta":{"_acf_changed":false,"site-sidebar-layout":"default","site-content-layout":"default","ast-site-content-layout":"default","site-content-style":"default","site-sidebar-style":"default","ast-global-header-display":"","ast-banner-title-visibility":"","ast-main-header-display":"","ast-hfb-above-header-display":"","ast-hfb-below-header-display":"","ast-hfb-mobile-header-display":"","site-post-title":"","ast-breadcrumbs-content":"","ast-featured-img":"","footer-sml-layout":"","ast-disable-related-posts":"","theme-transparent-header-meta":"default","adv-header-id-meta":"","stick-header-meta":"default","header-above-stick-meta":"","header-main-stick-meta":"","header-below-stick-meta":"","astra-migrate-meta-layouts":"default","ast-page-background-enabled":"default","ast-page-background-meta":{"desktop":{"background-color":"","background-image":"","background-repeat":"repeat","background-position":"center center","background-size":"auto","background-attachment":"scroll","background-type":"","background-media":"","overlay-type":"","overlay-color":"","overlay-opacity":"","overlay-gradient":""},"tablet":{"background-color":"","background-image":"","background-repeat":"repeat","background-position":"center center","background-size":"auto","background-attachment":"scroll","background-type":"","background-media":"","overlay-type":"","overlay-color":"","overlay-opacity":"","overlay-gradient":""},"mobile":{"background-color":"","background-image":"","background-repeat":"repeat","background-position":"center center","background-size":"auto","background-attachment":"scroll","background-type":"","background-media":"","overlay-type":"","overlay-color":"","overlay-opacity":"","overlay-gradient":""}},"ast-content-background-meta":{"desktop":{"background-color":"var(--ast-global-color-5)","background-image":"","background-repeat":"repeat","background-position":"center center","background-size":"auto","background-attachment":"scroll","background-type":"","background-media":"","overlay-type":"","overlay-color":"","overlay-opacity":"","overlay-gradient":""},"tablet":{"background-color":"var(--ast-global-color-5)","background-image":"","background-repeat":"repeat","background-position":"center center","background-size":"auto","background-attachment":"scroll","background-type":"","background-media":"","overlay-type":"","overlay-color":"","overlay-opacity":"","overlay-gradient":""},"mobile":{"background-color":"var(--ast-global-color-5)","background-image":"","background-repeat":"repeat","background-position":"center center","background-size":"auto","background-attachment":"scroll","background-type":"","background-media":"","overlay-type":"","overlay-color":"","overlay-opacity":"","overlay-gradient":""}},"footnotes":""},"class_list":["post-8021","page","type-page","status-publish","hentry"],"acf":[],"_links":{"self":[{"href":"https:\/\/wpa-shop.com\/de\/wp-json\/wp\/v2\/pages\/8021","targetHints":{"allow":["GET"]}}],"collection":[{"href":"https:\/\/wpa-shop.com\/de\/wp-json\/wp\/v2\/pages"}],"about":[{"href":"https:\/\/wpa-shop.com\/de\/wp-json\/wp\/v2\/types\/page"}],"author":[{"embeddable":true,"href":"https:\/\/wpa-shop.com\/de\/wp-json\/wp\/v2\/users\/487"}],"replies":[{"embeddable":true,"href":"https:\/\/wpa-shop.com\/de\/wp-json\/wp\/v2\/comments?post=8021"}],"version-history":[{"count":1,"href":"https:\/\/wpa-shop.com\/de\/wp-json\/wp\/v2\/pages\/8021\/revisions"}],"predecessor-version":[{"id":9897,"href":"https:\/\/wpa-shop.com\/de\/wp-json\/wp\/v2\/pages\/8021\/revisions\/9897"}],"up":[{"embeddable":true,"href":"https:\/\/wpa-shop.com\/de\/wp-json\/wp\/v2\/pages\/8067"}],"wp:attachment":[{"href":"https:\/\/wpa-shop.com\/de\/wp-json\/wp\/v2\/media?parent=8021"}],"curies":[{"name":"wp","href":"https:\/\/api.w.org\/{rel}","templated":true}]}}