{"id":8057,"date":"2020-04-23T14:37:00","date_gmt":"2020-04-23T12:37:00","guid":{"rendered":"https:\/\/wpa-staging1.fiderio.tech\/?page_id=8057"},"modified":"2021-09-02T10:37:35","modified_gmt":"2021-09-02T08:37:35","slug":"replacement-parts-for-hypertherm-waterjet-machines","status":"publish","type":"page","link":"https:\/\/wpa-shop.com\/de\/ersatzteile\/ersatzteile-fuer-hypertherm-wasserstrahl\/","title":{"rendered":"Ersatzteile f\u00fcr Hypertherm Wasserstrahl Maschinen"},"content":{"rendered":"<div class=\"wp-block-media-text alignfull is-stacked-on-mobile has-very-dark-gray-background-color has-text-color has-background\" style=\"color:#ffffff\"><figure class=\"wp-block-media-text__media\"><img decoding=\"async\" width=\"1024\" height=\"559\" src=\"https:\/\/wpa-shop.com\/wp-content\/uploads\/2020\/01\/start_shop_hell-1024x559.jpg\" alt=\"\" class=\"wp-image-7511 size-full\" title=\"\" srcset=\"https:\/\/wpa-shop.com\/wp-content\/uploads\/2020\/01\/start_shop_hell-1024x559.jpg 1024w, https:\/\/wpa-shop.com\/wp-content\/uploads\/2020\/01\/start_shop_hell-600x327.jpg 600w, https:\/\/wpa-shop.com\/wp-content\/uploads\/2020\/01\/start_shop_hell-500x273.jpg 500w, https:\/\/wpa-shop.com\/wp-content\/uploads\/2020\/01\/start_shop_hell-768x419.jpg 768w, https:\/\/wpa-shop.com\/wp-content\/uploads\/2020\/01\/start_shop_hell-1536x838.jpg 1536w, https:\/\/wpa-shop.com\/wp-content\/uploads\/2020\/01\/start_shop_hell-400x218.jpg 400w, https:\/\/wpa-shop.com\/wp-content\/uploads\/2020\/01\/start_shop_hell.jpg 1980w\" sizes=\"(max-width: 1024px) 100vw, 1024px\" \/><\/figure><div class=\"wp-block-media-text__content\">\n<p class=\"has-text-color has-large-font-size\" style=\"color:#ffffff\">Wir haben alles, was Sie brauchen.<\/p>\n\n\n\n<p class=\"has-text-color translation-block\" style=\"color:#ffffff\">Ob Sie Diamantd\u00fcsen f\u00fcr Ihre Hypertherm-Wasserstrahlmaschine oder Schneidk\u00f6pfe f\u00fcr Hypertherm-Wasserstrahlmaschinen suchen. Wir haben f\u00fcr Sie das Richtige. F\u00fcr Ihren Hypertherm-Wasserstrahl k\u00f6nnen wir Ihnen die neuen ROCTEC APX-Mischrohre f\u00fcr Ihre Hypertherm-Maschine liefern. Die neuen ROCTEC APX weisen gegen\u00fcber dem marktf\u00fchrenden ROCTEC 500 viele Verbesserungen f\u00fcr Ihren Hypertherm-Wasserstrahl auf.<\/p>\n\n\n\n<p class=\"has-text-color\" style=\"color:#ffffff\">Besuchen Sie unseren Webshop und finden Sie das passende Teil.<\/p>\n\n\n\n<div class=\"wp-block-buttons is-layout-flex wp-block-buttons-is-layout-flex\">\n<div class=\"wp-block-button is-style-fill\"><a class=\"wp-block-button__link has-cyan-bluish-gray-background-color has-background\" href=\"https:\/\/wpa-shop.com\/de\/shop\/\">St\u00f6bern Sie in unserem Shop<\/a><\/div>\n<\/div>\n<\/div><\/div>\n\n\n\n<p>Da unser Lager vor Ort ist und vollst\u00e4ndig gef\u00fcllt ist, k\u00f6nnen wir Ihnen einen schnellen Expressversand anbieten, damit Sie schnell wieder einsatzbereit sind.<\/p>\n\n\n\n<p>F\u00fcr Ihre Hypertherm-Wasserstrahlmaschine k\u00f6nnen wir Ihnen das neue Mischrohr der ROCTEC APX-Serie mit einer l\u00e4ngeren Lebensdauer liefern, die im Vergleich zum branchenf\u00fchrenden ROCTEC 500 um ca. 40 % l\u00e4nger ist. Mit diesem Mischrohr f\u00fcr Ihre Hypertherm-Wasserstrahlmaschine erhalten Sie kontinuierliche Pr\u00e4zision w\u00e4hrend der Schneidprozesse und erh\u00f6hen gleichzeitig die Betriebseffizienz Ihrer Hypertherm Maschine.<\/p>\n\n\n\n<p>Wenn Sie irgendeine Art von Unterst\u00fctzung ben\u00f6tigen, sei es f\u00fcr Software oder f\u00fcr Ihre Hardware: Wir sind f\u00fcr Sie da.<\/p>\n\n\n\n<h2 class=\"wp-block-heading\">Besuchen Sie unseren Online-Shop und finden Sie Ersatzteile f\u00fcr Hypertherm-Wasserstrahlmaschinen.<\/h2>\n\n\n\n<div class=\"wp-block-buttons is-layout-flex wp-block-buttons-is-layout-flex\">\n<div class=\"wp-block-button\"><a class=\"wp-block-button__link\" href=\"https:\/\/wpa-shop.com\/de\/shop\/\">St\u00f6bern Sie in unserem Shop<\/a><\/div>\n<\/div>","protected":false},"excerpt":{"rendered":"<p>Due to our warehouse beeing local and fully stocked we can provide you with fast express shipping to get you up and running again. For your Hypertherm waterjet machine we can provide you with the new ROCTEC APX series mixing tube featuring a longer life time which is approximatly 40% longer compared with the industry-leading [&hellip;]<\/p>","protected":false},"author":487,"featured_media":0,"parent":8067,"menu_order":0,"comment_status":"closed","ping_status":"closed","template":"","meta":{"_acf_changed":false,"site-sidebar-layout":"default","site-content-layout":"default","ast-site-content-layout":"default","site-content-style":"default","site-sidebar-style":"default","ast-global-header-display":"","ast-banner-title-visibility":"","ast-main-header-display":"","ast-hfb-above-header-display":"","ast-hfb-below-header-display":"","ast-hfb-mobile-header-display":"","site-post-title":"","ast-breadcrumbs-content":"","ast-featured-img":"","footer-sml-layout":"","ast-disable-related-posts":"","theme-transparent-header-meta":"default","adv-header-id-meta":"","stick-header-meta":"default","header-above-stick-meta":"","header-main-stick-meta":"","header-below-stick-meta":"","astra-migrate-meta-layouts":"default","ast-page-background-enabled":"default","ast-page-background-meta":{"desktop":{"background-color":"","background-image":"","background-repeat":"repeat","background-position":"center center","background-size":"auto","background-attachment":"scroll","background-type":"","background-media":"","overlay-type":"","overlay-color":"","overlay-opacity":"","overlay-gradient":""},"tablet":{"background-color":"","background-image":"","background-repeat":"repeat","background-position":"center center","background-size":"auto","background-attachment":"scroll","background-type":"","background-media":"","overlay-type":"","overlay-color":"","overlay-opacity":"","overlay-gradient":""},"mobile":{"background-color":"","background-image":"","background-repeat":"repeat","background-position":"center center","background-size":"auto","background-attachment":"scroll","background-type":"","background-media":"","overlay-type":"","overlay-color":"","overlay-opacity":"","overlay-gradient":""}},"ast-content-background-meta":{"desktop":{"background-color":"var(--ast-global-color-5)","background-image":"","background-repeat":"repeat","background-position":"center center","background-size":"auto","background-attachment":"scroll","background-type":"","background-media":"","overlay-type":"","overlay-color":"","overlay-opacity":"","overlay-gradient":""},"tablet":{"background-color":"var(--ast-global-color-5)","background-image":"","background-repeat":"repeat","background-position":"center center","background-size":"auto","background-attachment":"scroll","background-type":"","background-media":"","overlay-type":"","overlay-color":"","overlay-opacity":"","overlay-gradient":""},"mobile":{"background-color":"var(--ast-global-color-5)","background-image":"","background-repeat":"repeat","background-position":"center center","background-size":"auto","background-attachment":"scroll","background-type":"","background-media":"","overlay-type":"","overlay-color":"","overlay-opacity":"","overlay-gradient":""}},"footnotes":""},"class_list":["post-8057","page","type-page","status-publish","hentry"],"acf":[],"_links":{"self":[{"href":"https:\/\/wpa-shop.com\/de\/wp-json\/wp\/v2\/pages\/8057","targetHints":{"allow":["GET"]}}],"collection":[{"href":"https:\/\/wpa-shop.com\/de\/wp-json\/wp\/v2\/pages"}],"about":[{"href":"https:\/\/wpa-shop.com\/de\/wp-json\/wp\/v2\/types\/page"}],"author":[{"embeddable":true,"href":"https:\/\/wpa-shop.com\/de\/wp-json\/wp\/v2\/users\/487"}],"replies":[{"embeddable":true,"href":"https:\/\/wpa-shop.com\/de\/wp-json\/wp\/v2\/comments?post=8057"}],"version-history":[{"count":1,"href":"https:\/\/wpa-shop.com\/de\/wp-json\/wp\/v2\/pages\/8057\/revisions"}],"predecessor-version":[{"id":9899,"href":"https:\/\/wpa-shop.com\/de\/wp-json\/wp\/v2\/pages\/8057\/revisions\/9899"}],"up":[{"embeddable":true,"href":"https:\/\/wpa-shop.com\/de\/wp-json\/wp\/v2\/pages\/8067"}],"wp:attachment":[{"href":"https:\/\/wpa-shop.com\/de\/wp-json\/wp\/v2\/media?parent=8057"}],"curies":[{"name":"wp","href":"https:\/\/api.w.org\/{rel}","templated":true}]}}