{"id":4902,"date":"2025-12-10T14:33:13","date_gmt":"2025-12-10T13:33:13","guid":{"rendered":"https:\/\/wpa-staging1.fiderio.tech\/?post_type=product&#038;p=4902"},"modified":"2025-12-23T10:08:10","modified_gmt":"2025-12-23T09:08:10","slug":"wodagarnetclean","status":"publish","type":"product","link":"https:\/\/wpa-shop.com\/de\/shop\/wodagarnetclean\/","title":{"rendered":"WodaGarnetClean - Wasserstrahl Entschlammungsanlage"},"content":{"rendered":"<p><strong><span class=\"tagify__tag-text\" data-gramm=\"false\">Wasserstrahl Entschlammung <\/span>mit unser Entschlammungsanlage: WodaGarnetClean<\/strong><\/p>\n<p>Bei der Wasserstrahlproduktion wird der Schlamm (Sand\/Schleifmittel) im Schneidbecken abgelagert, so dass es sehr oft einer umfangreichen Reinigung bedarf. Dar\u00fcber hinaus ist das Wasser mit Schadstoffen belastet - doch gesetzliche Normen schreiben vor, was in die Kanalisation eingeleitet werden darf. Mit den Produkten unserer Woda-Serie unterst\u00fctzen wir Sie dabei, einerseits gesetzliche und \u00f6kologische Anforderungen zu erf\u00fcllen und andererseits Arbeitszeit bei der Reinigung der Auffangbecken zu sparen.<\/p>\n<p>Das mobile Entschlammungssystem WodaGarnetClean ist f\u00fcr Schneidbecken aller Wasserstrahlschneidanlagen und jeder Gr\u00f6\u00dfe geeignet. Das System ist einfach und intuitiv zu bedienen, erfordert keine Schulung und erspart Ihnen m\u00fchsames manuelles Schaufeln, teure Absaugdienste und langwierige Produktionsunterbrechungen.<\/p>\n<p>Mit den Produkten unserer Woda-Serie unterst\u00fctzen wir Sie dabei, einerseits die gesetzlichen und \u00f6kologischen Anforderungen zu erf\u00fcllen und andererseits Arbeitszeit bei der Reinigung des Schneidbecken zu sparen.<\/p>\n<p><strong>Unsere L\u00f6sung f\u00fcr Ihr Problem: WodaGarnetClean unsere Wasserstrahl Entschlammungsanlage<\/strong><\/p>\n<p>Mit der mobilen manuellen Wasserstrahl Entschlammungsanlage WodaGarnetClean entfernen Sie schnell und einfach Abrasivschlamm von jeder Wasserstrahlschneidanlage. Die komplette Wasserstrahl Entschlammungsanlage ben\u00f6tigt lediglich Druckluft (2-6 bar) und kann variabel dort eingesetzt werden, wo es ben\u00f6tigt wird.<\/p>\n<p>Mit Hilfe der Sauglanze wird Wasser in den abgelagerten Sand gepumpt, um die ausgeh\u00e4rtete Masse aufzuw\u00fchlen. Das Wasser-Sand-Gemisch wird dann angesaugt und in den Sammelbeh\u00e4lter gepumpt. Sand und grobe Schwebstoffe lagern sich im Schwebefiltergewebebeutel (kann beim H\u00e4ndler bestellt werden) ab. Das Wasser kann in den Wassertank zur\u00fcckgepumpt werden, und der gef\u00fcllte Gewebebeutel kann mit einem Gabelstapler entnommen werden.<br data-rich-text-line-break=\"true\" \/>Mit WodaGarnetClean k\u00f6nnen zwischen 3-4m\u00b3 Wasser pro Stunde gef\u00f6rdert und damit bis zu 1t Strahlmittel pro Stunde herausgefiltert werden. Ein Beh\u00e4lter mit z.B. 4x2m kann in ca. 3h gereinigt werden.<\/p>\n<p>https:\/\/wpa-shop.com\/de\/\/?s=woda#TRPLINKPROCESSED<\/p>\n<p><a href=\"https:\/\/wpa-water-treatment.com\/de\/entschlammungsanlage\/\" rel=\"noopener\">Lesen Sie mehr \u00fcber WodaGarnetClean<\/a><\/p>","protected":false},"excerpt":{"rendered":"<p>Wasserstrahl Entschlammungsanlage<\/p>\n<ul>\n<li>ohne Strom (nur Druckluft)<\/li>\n<li>mobil, flexibel und f\u00fcr jeden Maschinentyp einsetzbar<\/li>\n<li>Filtert bis zu 1t Strahlmittel\/Stunde<\/li>\n<li>inkl. 3 Filtergewebebeutel (je 1t)<\/li>\n<li>volle Kontrolle durch benutzerfreundliche, manuelle Steuerung<\/li>\n<\/ul>","protected":false},"featured_media":11027,"template":"","meta":{"_acf_changed":false,"site-sidebar-layout":"default","site-content-layout":"default","ast-site-content-layout":"default","site-content-style":"default","site-sidebar-style":"default","ast-global-header-display":"","ast-banner-title-visibility":"","ast-main-header-display":"","ast-hfb-above-header-display":"","ast-hfb-below-header-display":"","ast-hfb-mobile-header-display":"","site-post-title":"","ast-breadcrumbs-content":"","ast-featured-img":"","footer-sml-layout":"","ast-disable-related-posts":"","theme-transparent-header-meta":"default","adv-header-id-meta":"","stick-header-meta":"default","header-above-stick-meta":"","header-main-stick-meta":"","header-below-stick-meta":"","astra-migrate-meta-layouts":"set","ast-page-background-enabled":"default","ast-page-background-meta":{"desktop":{"background-color":"","background-image":"","background-repeat":"repeat","background-position":"center center","background-size":"auto","background-attachment":"scroll","background-type":"","background-media":"","overlay-type":"","overlay-color":"","overlay-opacity":"","overlay-gradient":""},"tablet":{"background-color":"","background-image":"","background-repeat":"repeat","background-position":"center center","background-size":"auto","background-attachment":"scroll","background-type":"","background-media":"","overlay-type":"","overlay-color":"","overlay-opacity":"","overlay-gradient":""},"mobile":{"background-color":"","background-image":"","background-repeat":"repeat","background-position":"center center","background-size":"auto","background-attachment":"scroll","background-type":"","background-media":"","overlay-type":"","overlay-color":"","overlay-opacity":"","overlay-gradient":""}},"ast-content-background-meta":{"desktop":{"background-color":"var(--ast-global-color-5)","background-image":"","background-repeat":"repeat","background-position":"center center","background-size":"auto","background-attachment":"scroll","background-type":"","background-media":"","overlay-type":"","overlay-color":"","overlay-opacity":"","overlay-gradient":""},"tablet":{"background-color":"var(--ast-global-color-5)","background-image":"","background-repeat":"repeat","background-position":"center center","background-size":"auto","background-attachment":"scroll","background-type":"","background-media":"","overlay-type":"","overlay-color":"","overlay-opacity":"","overlay-gradient":""},"mobile":{"background-color":"var(--ast-global-color-5)","background-image":"","background-repeat":"repeat","background-position":"center center","background-size":"auto","background-attachment":"scroll","background-type":"","background-media":"","overlay-type":"","overlay-color":"","overlay-opacity":"","overlay-gradient":""}}},"product_brand":[],"product_cat":[90],"product_tag":[429],"class_list":{"0":"post-4902","1":"product","2":"type-product","3":"status-publish","4":"has-post-thumbnail","6":"product_cat-water-treatment","7":"product_tag-abrasive-removal-system","8":"pa_for-accustream","9":"pa_for-bft","10":"pa_for-bystronic","11":"pa_for-flow","12":"pa_for-h2o","13":"pa_for-hypertherm","14":"pa_for-jet-edge","15":"pa_for-kmt","16":"pa_for-omax","17":"pa_for-wjs","18":"pa_for-wsi","19":"pa_producer-wpa","20":"desktop-align-left","21":"tablet-align-left","22":"mobile-align-left","23":"ast-product-gallery-layout-horizontal","24":"ast-product-tabs-layout-horizontal","25":"ast-qv-on-image","27":"first","28":"instock","29":"shipping-taxable","30":"product-type-simple"},"acf":[],"_links":{"self":[{"href":"https:\/\/wpa-shop.com\/de\/wp-json\/wp\/v2\/product\/4902","targetHints":{"allow":["GET"]}}],"collection":[{"href":"https:\/\/wpa-shop.com\/de\/wp-json\/wp\/v2\/product"}],"about":[{"href":"https:\/\/wpa-shop.com\/de\/wp-json\/wp\/v2\/types\/product"}],"wp:featuredmedia":[{"embeddable":true,"href":"https:\/\/wpa-shop.com\/de\/wp-json\/wp\/v2\/media\/11027"}],"wp:attachment":[{"href":"https:\/\/wpa-shop.com\/de\/wp-json\/wp\/v2\/media?parent=4902"}],"wp:term":[{"taxonomy":"product_brand","embeddable":true,"href":"https:\/\/wpa-shop.com\/de\/wp-json\/wp\/v2\/product_brand?post=4902"},{"taxonomy":"product_cat","embeddable":true,"href":"https:\/\/wpa-shop.com\/de\/wp-json\/wp\/v2\/product_cat?post=4902"},{"taxonomy":"product_tag","embeddable":true,"href":"https:\/\/wpa-shop.com\/de\/wp-json\/wp\/v2\/product_tag?post=4902"}],"curies":[{"name":"wp","href":"https:\/\/api.w.org\/{rel}","templated":true}]}}