{"id":7189,"date":"2020-02-24T11:58:27","date_gmt":"2020-02-24T10:58:27","guid":{"rendered":"https:\/\/wpa-staging1.fiderio.tech\/?post_type=product&#038;p=7189"},"modified":"2026-04-21T16:43:36","modified_gmt":"2026-04-21T14:43:36","slug":"wodacodegreen","status":"publish","type":"product","link":"https:\/\/wpa-shop.com\/de\/shop\/wodacodegreen\/","title":{"rendered":"WodaCodeGreen"},"content":{"rendered":"<h3><strong>WodeCodeGreen erzeugt f\u00fcr Ihre Maschinen kristallklares, weiches Wasser \u2013 ohne dabei teure und sch\u00e4dliche Chemikalien freizusetzen.<\/strong><\/h3>\n<p>Das System arbeitet effizient und dank dem Verzicht auf anf\u00e4llige elektronische Steuerung quasi st\u00f6rungsfrei. Das System ist mit seinem Kartuschensystem sehr leicht handzuhaben und ist mittels Plug-and-Play-Installation schnell f\u00fcr Ihren Betrieb eingerichtet.<\/p>\n<h4>WodeCodeGreen filtert:<\/h4>\n<ul>\n<li>alle Feststoffe bis 1\u00b5m<\/li>\n<li>alle Korrosionsprodukte<\/li>\n<li>alle Schwermetalle<\/li>\n<li>Gesamt-, Karbonat- und Sulfath\u00e4rte<\/li>\n<li>organische Verbindungen (Phenole, Pestizide, L\u00f6semittel, Verd\u00fcnner, \u00d6le und Alkohole)<\/li>\n<li>Entfernt Siliziumdioxid<\/li>\n<li>Chlor, freie Kohlens\u00e4ure und Sauerstoff<\/li>\n<li>alle Mikroorganismen inklusive Bakterien, Algen und Pilzen<\/li>\n<\/ul>\n<div class=\"oSioSc\">\n<div id=\"tw-target\">\n<div id=\"kAz1tf\" class=\"g9WsWb\">\n<div id=\"tw-target-text-container\" class=\"tw-ta-container tw-nfl\">\n<h4 id=\"tw-target-text\" class=\"tw-data-text tw-text-large tw-ta\" data-placeholder=\"\u00dcbersetzung\"><span lang=\"en\">Einsatzgrenzen:<\/span><\/h4>\n<ul>\n<li>pH &lt; 8,5<\/li>\n<li>Konduktivit\u00e4t: 200 \u2013 1200 \u00b5S\/cm<\/li>\n<li>TDS (Summe gel\u00f6ster Stoffe): 140 \u2013 840 ppm<\/li>\n<li>Kupfer: &lt; 2 mg\/l<\/li>\n<\/ul>\n<\/div>\n<\/div>\n<\/div>\n<\/div>\n<h4>Abmessung:<\/h4>\n<p>60cm x 66cm x 165cm (Tiefe x Breite x H\u00f6he)<\/p>\n<h4>Technische Daten:<\/h4>\n<ul>\n<li>Zul\u00e4ssiger Wassereingangsdruck: max. 10 bar<\/li>\n<li>Einstellung Druckminderer: max. 5.5 bar<\/li>\n<li>Wassereingangstemperatur: 10 bis 35\u00b0C<\/li>\n<li>Maximaler Durchfluss Qmax: 16 Liter\/min<\/li>\n<li>Leitwert im Wassereingang: 200 - 1200 \u00b5S\/cm<\/li>\n<li>TDS im Wassereingang: 140 bis 840 ppm<\/li>\n<li>Filtration: Aktivkohlefilter 10\u00b5m (Eingang), Polizeifilter 1\u00b5m\u00a0(Abschluss)<\/li>\n<li>Empfohlener Wechselrhythmus (Aktivkohlefilter): stark verschmutzt und\/oder Druckverlust \u0394p &gt;0,4 bar<\/li>\n<li>Empfohlener Wechselrhythmus (Oxi- und Granulatfeinfilter): sp\u00e4testens nach 3 Monaten oder 200m\u00b3 Wasserdurchfluss<\/li>\n<li>Abmessungen ca. BxTxH in cm: 66x 60x 165<\/li>\n<li>Anschl\u00fcsse Eingang\/Ausgang: 3\/4\" Gewinde bzw. -Schlaucht\u00fclle<\/li>\n<li>Gewicht: 185kg<\/li>\n<\/ul>","protected":false},"excerpt":{"rendered":"<p class=\"ql-syntax translation-block\">Mit unserer neuesten Innovation <strong>WodaCodeGreen<\/strong> erh\u00f6hen Sie die Lebensdauer und Standfestigkeit Ihrer Wasserstrahl-Hochdruckpumpen \u2013 komplett ohne chemische Belastung!<\/p>\n<ul>\n<li class=\"ql-syntax\">Zul\u00e4ssiger Wassereingangsdruck: max. 10 bar<\/li>\n<li class=\"ql-syntax\">Wassereingangstemperatur: 10 bis 35\u00b0C<\/li>\n<li class=\"ql-syntax\">Maximaler Durchfluss Qmax: 16 Liter\/min<\/li>\n<li class=\"ql-syntax\">Leitwert im Wassereingang: 200 - 1200 \u00b5S\/cm<\/li>\n<li class=\"ql-syntax\">TDS im Wassereingang: 140 bis 840 ppm<\/li>\n<\/ul>","protected":false},"featured_media":11024,"template":"","meta":{"_acf_changed":false,"site-sidebar-layout":"default","site-content-layout":"default","ast-site-content-layout":"default","site-content-style":"default","site-sidebar-style":"default","ast-global-header-display":"","ast-banner-title-visibility":"","ast-main-header-display":"","ast-hfb-above-header-display":"","ast-hfb-below-header-display":"","ast-hfb-mobile-header-display":"","site-post-title":"","ast-breadcrumbs-content":"","ast-featured-img":"","footer-sml-layout":"","ast-disable-related-posts":"","theme-transparent-header-meta":"default","adv-header-id-meta":"","stick-header-meta":"default","header-above-stick-meta":"","header-main-stick-meta":"","header-below-stick-meta":"","astra-migrate-meta-layouts":"set","ast-page-background-enabled":"default","ast-page-background-meta":{"desktop":{"background-color":"","background-image":"","background-repeat":"repeat","background-position":"center center","background-size":"auto","background-attachment":"scroll","background-type":"","background-media":"","overlay-type":"","overlay-color":"","overlay-opacity":"","overlay-gradient":""},"tablet":{"background-color":"","background-image":"","background-repeat":"repeat","background-position":"center center","background-size":"auto","background-attachment":"scroll","background-type":"","background-media":"","overlay-type":"","overlay-color":"","overlay-opacity":"","overlay-gradient":""},"mobile":{"background-color":"","background-image":"","background-repeat":"repeat","background-position":"center center","background-size":"auto","background-attachment":"scroll","background-type":"","background-media":"","overlay-type":"","overlay-color":"","overlay-opacity":"","overlay-gradient":""}},"ast-content-background-meta":{"desktop":{"background-color":"var(--ast-global-color-5)","background-image":"","background-repeat":"repeat","background-position":"center center","background-size":"auto","background-attachment":"scroll","background-type":"","background-media":"","overlay-type":"","overlay-color":"","overlay-opacity":"","overlay-gradient":""},"tablet":{"background-color":"var(--ast-global-color-5)","background-image":"","background-repeat":"repeat","background-position":"center center","background-size":"auto","background-attachment":"scroll","background-type":"","background-media":"","overlay-type":"","overlay-color":"","overlay-opacity":"","overlay-gradient":""},"mobile":{"background-color":"var(--ast-global-color-5)","background-image":"","background-repeat":"repeat","background-position":"center center","background-size":"auto","background-attachment":"scroll","background-type":"","background-media":"","overlay-type":"","overlay-color":"","overlay-opacity":"","overlay-gradient":""}}},"product_brand":[],"product_cat":[90],"product_tag":[725,726],"class_list":{"0":"post-7189","1":"product","2":"type-product","3":"status-publish","4":"has-post-thumbnail","6":"product_cat-water-treatment","7":"product_tag-codegreen","8":"product_tag-water-treatment","9":"desktop-align-left","10":"tablet-align-left","11":"mobile-align-left","12":"ast-product-gallery-layout-horizontal","13":"ast-product-tabs-layout-horizontal","14":"ast-qv-on-image","16":"first","17":"instock","18":"shipping-taxable","19":"product-type-simple"},"acf":[],"_links":{"self":[{"href":"https:\/\/wpa-shop.com\/de\/wp-json\/wp\/v2\/product\/7189","targetHints":{"allow":["GET"]}}],"collection":[{"href":"https:\/\/wpa-shop.com\/de\/wp-json\/wp\/v2\/product"}],"about":[{"href":"https:\/\/wpa-shop.com\/de\/wp-json\/wp\/v2\/types\/product"}],"wp:featuredmedia":[{"embeddable":true,"href":"https:\/\/wpa-shop.com\/de\/wp-json\/wp\/v2\/media\/11024"}],"wp:attachment":[{"href":"https:\/\/wpa-shop.com\/de\/wp-json\/wp\/v2\/media?parent=7189"}],"wp:term":[{"taxonomy":"product_brand","embeddable":true,"href":"https:\/\/wpa-shop.com\/de\/wp-json\/wp\/v2\/product_brand?post=7189"},{"taxonomy":"product_cat","embeddable":true,"href":"https:\/\/wpa-shop.com\/de\/wp-json\/wp\/v2\/product_cat?post=7189"},{"taxonomy":"product_tag","embeddable":true,"href":"https:\/\/wpa-shop.com\/de\/wp-json\/wp\/v2\/product_tag?post=7189"}],"curies":[{"name":"wp","href":"https:\/\/api.w.org\/{rel}","templated":true}]}}