{"id":7409,"date":"2022-06-14T00:12:55","date_gmt":"2022-06-13T22:12:55","guid":{"rendered":"https:\/\/wpa-staging1.fiderio.tech\/?post_type=product&#038;p=7409"},"modified":"2025-06-11T08:15:56","modified_gmt":"2025-06-11T06:15:56","slug":"garnet-80-mesh-1mt-big-bag","status":"publish","type":"product","link":"https:\/\/wpa-shop.com\/de\/shop\/garnet-80-mesh-1mt-big-bag\/","title":{"rendered":"ClassicCut 80 Big Bag"},"content":{"rendered":"<p class=\"content-header--title view-content-header--title\">GMA <span class=\"tagify__tag-text\" data-gramm=\"false\">Garnet ClassicCut 80<\/span> mesh<\/p>\n<p>GMA Granat ist ein hochwertiges, in Australien hergestelltes Produkt.<\/p>\n<p>Das Produkt ist in 1MT Big Bags verpackt und wird auf einer Einwegpalette T5A geliefert.<br \/>\nKontaktieren Sie uns f\u00fcr weitere Informationen \u00fcber Versand und Konditionen.<\/p>\n<p>Wir nehmen uns gerne Zeit f\u00fcr Sie und beraten Sie individuell.<\/p>\n<p>Rufen Sie uns an unter +49 (0)721 4646 6226<\/p>\n<p>Or e-mail us: info@wpa-shop.com.<\/p>\n<p>&nbsp;<\/p>\n<p class=\"content-header--title view-content-header--title\">Verpackung: 80 Mesh 1MT Big Bag Einwegpalette T5A<\/p>\n<p>Lieferzeiten und -bedingungen auf Anfrage<\/p>\n<p>Hochwertiges Qualit\u00e4tsprodukt aus Australien<\/p>\n<p>&nbsp;<\/p>\n<p>\u00dcber GMA:<\/p>\n<p>Die GMA Garnet Group (GMA) ist der weltweit f\u00fchrende Anbieter von industriellem Granatsand und liefert seit \u00fcber 35 Jahren Wasserstrahlschneid- und Sandstrahlmittel h\u00f6chster Qualit\u00e4t.<\/p>","protected":false},"excerpt":{"rendered":"<p>Quality GMA Garnet ClassicCut 80<\/p>\n<p>In Australien hergestelltes Produkt<\/p>\n<p>1MT Big Bag auf Einwegpalette<\/p>","protected":false},"featured_media":9221,"template":"","meta":{"_acf_changed":false,"site-sidebar-layout":"default","site-content-layout":"default","ast-site-content-layout":"default","site-content-style":"default","site-sidebar-style":"default","ast-global-header-display":"","ast-banner-title-visibility":"","ast-main-header-display":"","ast-hfb-above-header-display":"","ast-hfb-below-header-display":"","ast-hfb-mobile-header-display":"","site-post-title":"","ast-breadcrumbs-content":"","ast-featured-img":"","footer-sml-layout":"","ast-disable-related-posts":"","theme-transparent-header-meta":"default","adv-header-id-meta":"","stick-header-meta":"default","header-above-stick-meta":"","header-main-stick-meta":"","header-below-stick-meta":"","astra-migrate-meta-layouts":"set","ast-page-background-enabled":"default","ast-page-background-meta":{"desktop":{"background-color":"","background-image":"","background-repeat":"repeat","background-position":"center center","background-size":"auto","background-attachment":"scroll","background-type":"","background-media":"","overlay-type":"","overlay-color":"","overlay-opacity":"","overlay-gradient":""},"tablet":{"background-color":"","background-image":"","background-repeat":"repeat","background-position":"center center","background-size":"auto","background-attachment":"scroll","background-type":"","background-media":"","overlay-type":"","overlay-color":"","overlay-opacity":"","overlay-gradient":""},"mobile":{"background-color":"","background-image":"","background-repeat":"repeat","background-position":"center center","background-size":"auto","background-attachment":"scroll","background-type":"","background-media":"","overlay-type":"","overlay-color":"","overlay-opacity":"","overlay-gradient":""}},"ast-content-background-meta":{"desktop":{"background-color":"var(--ast-global-color-5)","background-image":"","background-repeat":"repeat","background-position":"center center","background-size":"auto","background-attachment":"scroll","background-type":"","background-media":"","overlay-type":"","overlay-color":"","overlay-opacity":"","overlay-gradient":""},"tablet":{"background-color":"var(--ast-global-color-5)","background-image":"","background-repeat":"repeat","background-position":"center center","background-size":"auto","background-attachment":"scroll","background-type":"","background-media":"","overlay-type":"","overlay-color":"","overlay-opacity":"","overlay-gradient":""},"mobile":{"background-color":"var(--ast-global-color-5)","background-image":"","background-repeat":"repeat","background-position":"center center","background-size":"auto","background-attachment":"scroll","background-type":"","background-media":"","overlay-type":"","overlay-color":"","overlay-opacity":"","overlay-gradient":""}}},"product_brand":[],"product_cat":[89],"product_tag":[],"class_list":{"0":"post-7409","1":"product","2":"type-product","3":"status-publish","4":"has-post-thumbnail","6":"product_cat-garnet-abrasive","7":"pa_producer-gma-australien","8":"desktop-align-left","9":"tablet-align-left","10":"mobile-align-left","11":"ast-product-gallery-layout-horizontal","12":"ast-product-tabs-layout-horizontal","13":"ast-qv-on-image","15":"first","16":"instock","17":"shipping-taxable","18":"product-type-simple"},"acf":[],"_links":{"self":[{"href":"https:\/\/wpa-shop.com\/de\/wp-json\/wp\/v2\/product\/7409","targetHints":{"allow":["GET"]}}],"collection":[{"href":"https:\/\/wpa-shop.com\/de\/wp-json\/wp\/v2\/product"}],"about":[{"href":"https:\/\/wpa-shop.com\/de\/wp-json\/wp\/v2\/types\/product"}],"wp:featuredmedia":[{"embeddable":true,"href":"https:\/\/wpa-shop.com\/de\/wp-json\/wp\/v2\/media\/9221"}],"wp:attachment":[{"href":"https:\/\/wpa-shop.com\/de\/wp-json\/wp\/v2\/media?parent=7409"}],"wp:term":[{"taxonomy":"product_brand","embeddable":true,"href":"https:\/\/wpa-shop.com\/de\/wp-json\/wp\/v2\/product_brand?post=7409"},{"taxonomy":"product_cat","embeddable":true,"href":"https:\/\/wpa-shop.com\/de\/wp-json\/wp\/v2\/product_cat?post=7409"},{"taxonomy":"product_tag","embeddable":true,"href":"https:\/\/wpa-shop.com\/de\/wp-json\/wp\/v2\/product_tag?post=7409"}],"curies":[{"name":"wp","href":"https:\/\/api.w.org\/{rel}","templated":true}]}}