{"id":7509,"date":"2020-01-01T12:50:13","date_gmt":"2020-01-01T11:50:13","guid":{"rendered":"https:\/\/wpa-staging1.fiderio.tech\/?post_type=product&#038;p=7509"},"modified":"2020-06-25T16:15:14","modified_gmt":"2020-06-25T14:15:14","slug":"spaceclaim","status":"publish","type":"product","link":"https:\/\/wpa-shop.com\/de\/shop\/spaceclaim\/","title":{"rendered":"SpaceClaim"},"content":{"rendered":"<p>ANSYS SpaceClaim enables anyone to create, edit, or repair geometry without worrying about underlying technology. With SpaceClaim, working with 3D modeling software becomes fast, easy, flexible, and rewarding, no matter where in the workflow you need it.<\/p>\n<p>&nbsp;<\/p>\n<h2>Design<\/h2>\n<p class=\"translation-block\"><strong>Design so, wie Sie denken:<\/strong> Unsere Vision von Anfang an war es, 3D f\u00fcr jeden zug\u00e4nglich zu machen, indem wir ein einfaches, schnelles und flexibles Design-Tool zur Verf\u00fcgung stellten.  Wir glauben, dass ein 3D-Tool so einfach sein sollte, dass jeder es schnell erlernen und dabei Spa\u00df haben kann. <strong>Mit ANSYS SpaceClaim\u00ae k\u00f6nnen Sie Ihre Ideen schneller umsetzen, gestalten und realisieren. <\/strong><\/p>\n<p>&nbsp;<\/p>\n<h2>Reverse Engineering<\/h2>\n<p>F\u00fcr das Reverse Engineering ist SpaceClaim un\u00fcbertroffen in Bezug auf Leistung, Benutzerfreundlichkeit und Flexibilit\u00e4t. Sie k\u00f6nnen schnell komplexe Volumenk\u00f6rper erstellen oder direkte Modellierungsbefehle verwenden, w\u00e4hrend Sie auf ein STL-Modell verweisen. Space-Claim passt Oberfl\u00e4chen automatisch an komplexe Formen an und erm\u00f6glicht es Ihnen gleichzeitig, die feinen Details zu bearbeiten. Dieselben intuitiven Werkzeuge k\u00f6nnen verwendet werden, um Vorrichtungen zu bauen oder passende Komponenten nach Bedarf zu konstruieren.<\/p>\n<p>&nbsp;<\/p>\n<h2>Simulation<\/h2>\n<p>Use ANSYS SpaceClaim for all Fluids, Structures and Electronics model preparation to remove geom-etry bottlenecks and get your models to analysis faster. You can open data from any CAD system, edit designs and prepare them for simulation without relying on CAD export, no matter where the model was created.<\/p>\n<p>&nbsp;<\/p>\n<h2>Fertigung<\/h2>\n<p>Kein anderes Werkzeug ist schneller in der Anwendung und erledigt die Geometriebearbeitung, die Bereinigung besch\u00e4digter oder schwieriger CAD-Daten und die schnelle Konstruktion von Vorrichtungen. SpaceClaim ist die einzige L\u00f6sung auf dem Markt, die Maschinisten hilft, Auftr\u00e4ge schnell abzuschlie\u00dfen und gleichzeitig Ausfallzeiten in der Fertigung zu minimieren.<\/p>\n<p>&nbsp;<\/p>\n<h2>3D Druck<\/h2>\n<p>Mit der intuitiven Benutzeroberfl\u00e4che von ANSYS SpaceClaim k\u00f6nnen Sie Modelle f\u00fcr den 3D-Druck schneller und effizienter als je zuvor erstellen, bearbeiten und vorbereiten. Mit unserem Modul zur automatisierten STL-Vorbereitung stehen Ihnen viele Tools zur Verf\u00fcgung, die die L\u00fccken zwischen der Bearbeitung von Volumenk\u00f6rper und Netzk\u00f6rper-Daten schlie\u00dfen.<\/p>\n<p>&nbsp;<\/p>\n<h2>Blechverarbeitung<\/h2>\n<p>Wenn es darum geht, flei\u00dfigen Maschinenbauern und Ingenieuren das richtige Werkzeug zur Verf\u00fcgung zu stellen, um Modelle zu flachen Mustern zu entfalten, ist SpaceClaim die beste L\u00f6sung, um jedes Modell f\u00fcr die hochpr\u00e4zise Blechfertigung vorzubereiten. Mit SpaceClaim sparen Hersteller Zeit, steigern die Produktivit\u00e4t, minimieren Ausfallzeiten in der Fertigung und erhalten eine bessere L\u00f6sung f\u00fcr den Gewinn neuer Gesch\u00e4fte.<\/p>\n<p>&nbsp;<\/p>\n<p>&nbsp;<\/p>\n<h2>System Requirements<\/h2>\n<p>System requirements for all SpaceClaim products.<\/p>\n<p><strong>Operating Systems:<\/strong><br \/>\nMicrosoft\u00ae Windows 7, 8, 10 64-bit<\/p>\n<p>SpaceClaim is not supported on virtual platforms (See note below).<\/p>\n<p>Intel-based Apple hardware running native Windows using Boot Camp is not supported.<\/p>\n<p><strong>Video Card:<\/strong><\/p>\n<p>Requires Full DirectX\u00ae 9c, Shader Model 3.0 hardware support, 512 MB of graphics memory or higher, 32 bits per pixel, 1024&#215;768 minimum resolution.<\/p>\n<p>Please ensure that you have the latest graphics driver for your card and that Direct3D Acceleration is enabled.<\/p>\n<p>&nbsp;<\/p>\n<p>The following commonly used video cards support the above requirements<sup>1<\/sup> :<\/p>\n<p>Radeon\u00ae:<br \/>\nATI\u00ae Radeon R300, R420, R520, R600, or R700 series.<br \/>\nRadeon 9&#215;00 cards (9700, 9800, \u2026) or newer<\/p>\n<p>NVIDIA\u00ae:<br \/>\nNVIDIA GeForce\u00ae FX, 6, 7, or 8 series. NVIDIA FX5200s or newer<\/p>\n<p>AMD\u2122:<br \/>\nAMD FireGL\u2122 T2-128 or higher (including the \u2018Mobility\u2019 series for laptops)<\/p>\n<p><strong>CPU<\/strong>:<br \/>\nPentium\u00ae 4 2.0 GHZ or Athlon\u00ae 2000+ or faster, 64-bit (x64) processor<\/p>\n<p><strong>RAM:<\/strong><br \/>\n4 GB RAM or higher<\/p>\n<p><strong>Other: <\/strong><br \/>\nCD drive (only for CD installation)<br \/>\n2 Button Mouse with Wheel<br \/>\n3D Mouse (3Dconnexion &#8211; Optional)<\/p>\n<p><strong>Multi-touch:<\/strong><\/p>\n<p>Multi-touch now works on all Windows 7 and 8 devices via the native pen-and-touch interface.<\/p>\n<p><strong>Note on virtual platforms:<\/strong><\/p>\n<p>Users report successfully operating SpaceClaim on VMware Workstation 7.x and Player 3.x.<\/p>\n<p><em>1. SpaceClaim does not certify or recommend specific graphic cards.<\/em><\/p>","protected":false},"excerpt":{"rendered":"<p>ANSYS SpaceClaim enables anyone to create, edit, or repair geometry without worrying about underlying technology. With SpaceClaim, working with 3D modeling software becomes fast, easy, flexible, and rewarding, no matter where in the workflow you need it. &nbsp; Design Design the way you think: Our vision from the beginning was to bring 3-D to everyone [&hellip;]<\/p>\n","protected":false},"featured_media":6121,"template":"","meta":{"_acf_changed":false,"site-sidebar-layout":"default","site-content-layout":"","ast-site-content-layout":"default","site-content-style":"default","site-sidebar-style":"default","ast-global-header-display":"","ast-banner-title-visibility":"","ast-main-header-display":"","ast-hfb-above-header-display":"","ast-hfb-below-header-display":"","ast-hfb-mobile-header-display":"","site-post-title":"","ast-breadcrumbs-content":"","ast-featured-img":"","footer-sml-layout":"","ast-disable-related-posts":"","theme-transparent-header-meta":"","adv-header-id-meta":"","stick-header-meta":"","header-above-stick-meta":"","header-main-stick-meta":"","header-below-stick-meta":"","astra-migrate-meta-layouts":"default","ast-page-background-enabled":"default","ast-page-background-meta":{"desktop":{"background-color":"","background-image":"","background-repeat":"repeat","background-position":"center center","background-size":"auto","background-attachment":"scroll","background-type":"","background-media":"","overlay-type":"","overlay-color":"","overlay-opacity":"","overlay-gradient":""},"tablet":{"background-color":"","background-image":"","background-repeat":"repeat","background-position":"center center","background-size":"auto","background-attachment":"scroll","background-type":"","background-media":"","overlay-type":"","overlay-color":"","overlay-opacity":"","overlay-gradient":""},"mobile":{"background-color":"","background-image":"","background-repeat":"repeat","background-position":"center center","background-size":"auto","background-attachment":"scroll","background-type":"","background-media":"","overlay-type":"","overlay-color":"","overlay-opacity":"","overlay-gradient":""}},"ast-content-background-meta":{"desktop":{"background-color":"var(--ast-global-color-5)","background-image":"","background-repeat":"repeat","background-position":"center center","background-size":"auto","background-attachment":"scroll","background-type":"","background-media":"","overlay-type":"","overlay-color":"","overlay-opacity":"","overlay-gradient":""},"tablet":{"background-color":"var(--ast-global-color-5)","background-image":"","background-repeat":"repeat","background-position":"center center","background-size":"auto","background-attachment":"scroll","background-type":"","background-media":"","overlay-type":"","overlay-color":"","overlay-opacity":"","overlay-gradient":""},"mobile":{"background-color":"var(--ast-global-color-5)","background-image":"","background-repeat":"repeat","background-position":"center center","background-size":"auto","background-attachment":"scroll","background-type":"","background-media":"","overlay-type":"","overlay-color":"","overlay-opacity":"","overlay-gradient":""}}},"product_brand":[],"product_cat":[747],"product_tag":[],"class_list":{"0":"post-7509","1":"product","2":"type-product","3":"status-publish","4":"has-post-thumbnail","6":"product_cat-software","7":"desktop-align-left","8":"tablet-align-left","9":"mobile-align-left","10":"ast-product-gallery-layout-horizontal","11":"ast-product-gallery-with-no-image","12":"ast-product-tabs-layout-horizontal","13":"ast-qv-on-image","15":"first","16":"instock","17":"shipping-taxable","18":"product-type-simple"},"acf":[],"_links":{"self":[{"href":"https:\/\/wpa-shop.com\/de\/wp-json\/wp\/v2\/product\/7509","targetHints":{"allow":["GET"]}}],"collection":[{"href":"https:\/\/wpa-shop.com\/de\/wp-json\/wp\/v2\/product"}],"about":[{"href":"https:\/\/wpa-shop.com\/de\/wp-json\/wp\/v2\/types\/product"}],"wp:featuredmedia":[{"embeddable":true,"href":"https:\/\/wpa-shop.com\/de\/wp-json\/wp\/v2\/media\/6121"}],"wp:attachment":[{"href":"https:\/\/wpa-shop.com\/de\/wp-json\/wp\/v2\/media?parent=7509"}],"wp:term":[{"taxonomy":"product_brand","embeddable":true,"href":"https:\/\/wpa-shop.com\/de\/wp-json\/wp\/v2\/product_brand?post=7509"},{"taxonomy":"product_cat","embeddable":true,"href":"https:\/\/wpa-shop.com\/de\/wp-json\/wp\/v2\/product_cat?post=7509"},{"taxonomy":"product_tag","embeddable":true,"href":"https:\/\/wpa-shop.com\/de\/wp-json\/wp\/v2\/product_tag?post=7509"}],"curies":[{"name":"wp","href":"https:\/\/api.w.org\/{rel}","templated":true}]}}