{"id":8545,"date":"2020-07-16T12:52:56","date_gmt":"2020-07-16T10:52:56","guid":{"rendered":"https:\/\/wpa-shop.com\/?post_type=product&#038;p=8545"},"modified":"2020-07-24T12:20:39","modified_gmt":"2020-07-24T10:20:39","slug":"5-axis-mixing-tube-roctec-100-with-brass-ring-7-14mm","status":"publish","type":"product","link":"https:\/\/wpa-shop.com\/de\/shop\/5-axis-mixing-tube-roctec-100-with-brass-ring-7-14mm\/","title":{"rendered":"5-Axis Mixing Tube: RocTec\u00ae 100 with brass ring (\u2205 7.14mm)"},"content":{"rendered":"<h2>Ersatztabelle<\/h2>\n<p><strong>Au\u00dfendurchmesser<\/strong>:\u00a0\u2205 7.14mm<\/p>\n<table class=\"item-replace-table\">\n<tbody>\n<tr>\n<th>Name<\/th>\n<th>Innendurchmesser \u2205<\/th>\n<th>L\u00e4nge<\/th>\n<th>Ersetzt<\/th>\n<\/tr>\n<tr>\n<td>35-30<\/td>\n<td>0.91 mm<\/td>\n<td>76 mm<\/td>\n<td>014214-35-30<br \/>\n1000001-35-40<br \/>\n1000003-35-30<\/td>\n<\/tr>\n<tr>\n<td>15-40<\/td>\n<td>0.38 mm<\/td>\n<td>101.1 mm<\/td>\n<td>014214-15-40<br \/>\n1000003-15-40<\/td>\n<\/tr>\n<tr>\n<td>20-40<\/td>\n<td>0.51 mm<\/td>\n<td>101.1 mm<\/td>\n<td>014214-20-40<br \/>\n1000003-20-40<\/td>\n<\/tr>\n<tr>\n<td>30-40<\/td>\n<td>0.76 mm<\/td>\n<td>101.1 mm<\/td>\n<td>014214-30-40<br \/>\n310-001099<br \/>\n1000001-30-40<\/td>\n<\/tr>\n<tr>\n<td>35-40<\/td>\n<td>0.91 mm<\/td>\n<td>101.1 mm<\/td>\n<td>014214-35-40<br \/>\n310-001367<br \/>\n1000003-35-40<br \/>\n1000001-35-40<\/td>\n<\/tr>\n<tr>\n<td>40-40<\/td>\n<td>1.02 mm<\/td>\n<td>101.1 mm<\/td>\n<td>014214-40-40<br \/>\n310-001100<br \/>\n1000001-40-40<\/td>\n<\/tr>\n<\/tbody>\n<\/table>\n<h2>Extra spitze Spitze - besonders geeignet f\u00fcr...<\/h2>\n<ul>\n<li>...Schneiden im XD DWJ- oder 3D-Modus<\/li>\n<li>...mehr Freiraum bei Winkeln ab 45\u00b0 aufw\u00e4rts<\/li>\n<li>...kontaktfreies Schneiden<\/li>\n<\/ul>\n<h2>2D- und 3D-Schnitt von dickem Material<\/h2>\n<p>Bei Verwendung eines normalen Mischrohrs werden beim Durchstechen reflektiertes Wasser, Abrieb und abgetragenes Material an die Spitze des Mischrohrs geleitet. Bei langen Einstechzeiten in sehr dickem oder hartem Material wird die Mischrohrspitze dadurch besch\u00e4digt. Bei Verwendung des extra gesch\u00e4rften Mischrohrs werden Wasser, Abrasivmittel und abgetragenes Material nach oben weggef\u00fchrt.<\/p>\n<ul>\n<li>Dies erm\u00f6glicht mehr Platz beim Schneiden<\/li>\n<li>Die Spitze des Mischrohrs wird weniger besch\u00e4digt, daher hat es eine l\u00e4ngere Lebensdauer.<\/li>\n<\/ul>\n<h2>2D- und 3D-Schnitt von empfindlichem Material oder gl\u00e4nzenden Oberfl\u00e4chen<\/h2>\n<p>Beim Durchstechen im Niederdruckbereich hinterlassen reflektiertes Wasser und Abrasivmittel leichte Schattierungen auf den Materialoberfl\u00e4chen. Mit der extra gesch\u00e4rften Spitze wird Wasser, Abrasivmittel und abgetragenes Material nach oben gef\u00fchrt.<\/p>\n<ul>\n<li>Dadurch werden Reflexionen oder Schattierungen auf der Materialoberfl\u00e4che vermieden.<\/li>\n<li>Keine Sch\u00e4den oder Ausbr\u00fcche<\/li>\n<\/ul>","protected":false},"excerpt":{"rendered":"<p>Replacement table Outer Diameter:\u00a0\u2205 7.14mm Name Inner Diameter \u2205 Length Replaces 35-30 0.91 mm 76 mm 014214-35-30 1000001-35-40 1000003-35-30 15-40 0.38 mm 101.1 mm 014214-15-40 1000003-15-40 20-40 0.51 mm 101.1 mm 014214-20-40 1000003-20-40 30-40 0.76 mm 101.1 mm 014214-30-40 310-001099 1000001-30-40 35-40 0.91 mm 101.1 mm 014214-35-40 310-001367 1000003-35-40 1000001-35-40 40-40 1.02 mm 101.1 mm [&hellip;]<\/p>\n","protected":false},"featured_media":944,"template":"","meta":{"_acf_changed":false,"site-sidebar-layout":"default","site-content-layout":"","ast-site-content-layout":"default","site-content-style":"default","site-sidebar-style":"default","ast-global-header-display":"","ast-banner-title-visibility":"","ast-main-header-display":"","ast-hfb-above-header-display":"","ast-hfb-below-header-display":"","ast-hfb-mobile-header-display":"","site-post-title":"","ast-breadcrumbs-content":"","ast-featured-img":"","footer-sml-layout":"","ast-disable-related-posts":"","theme-transparent-header-meta":"","adv-header-id-meta":"","stick-header-meta":"","header-above-stick-meta":"","header-main-stick-meta":"","header-below-stick-meta":"","astra-migrate-meta-layouts":"default","ast-page-background-enabled":"default","ast-page-background-meta":{"desktop":{"background-color":"","background-image":"","background-repeat":"repeat","background-position":"center center","background-size":"auto","background-attachment":"scroll","background-type":"","background-media":"","overlay-type":"","overlay-color":"","overlay-opacity":"","overlay-gradient":""},"tablet":{"background-color":"","background-image":"","background-repeat":"repeat","background-position":"center center","background-size":"auto","background-attachment":"scroll","background-type":"","background-media":"","overlay-type":"","overlay-color":"","overlay-opacity":"","overlay-gradient":""},"mobile":{"background-color":"","background-image":"","background-repeat":"repeat","background-position":"center center","background-size":"auto","background-attachment":"scroll","background-type":"","background-media":"","overlay-type":"","overlay-color":"","overlay-opacity":"","overlay-gradient":""}},"ast-content-background-meta":{"desktop":{"background-color":"var(--ast-global-color-5)","background-image":"","background-repeat":"repeat","background-position":"center center","background-size":"auto","background-attachment":"scroll","background-type":"","background-media":"","overlay-type":"","overlay-color":"","overlay-opacity":"","overlay-gradient":""},"tablet":{"background-color":"var(--ast-global-color-5)","background-image":"","background-repeat":"repeat","background-position":"center center","background-size":"auto","background-attachment":"scroll","background-type":"","background-media":"","overlay-type":"","overlay-color":"","overlay-opacity":"","overlay-gradient":""},"mobile":{"background-color":"var(--ast-global-color-5)","background-image":"","background-repeat":"repeat","background-position":"center center","background-size":"auto","background-attachment":"scroll","background-type":"","background-media":"","overlay-type":"","overlay-color":"","overlay-opacity":"","overlay-gradient":""}}},"product_brand":[],"product_cat":[776,85],"product_tag":[],"class_list":{"0":"post-8545","1":"product","2":"type-product","3":"status-publish","4":"has-post-thumbnail","6":"product_cat-mixing-tubes","7":"product_cat-spare-parts","8":"pa_for-flow","9":"pa_producer-kennametal","10":"desktop-align-left","11":"tablet-align-left","12":"mobile-align-left","13":"ast-product-gallery-layout-horizontal","14":"ast-product-gallery-with-no-image","15":"ast-product-single-variable","16":"ast-product-tabs-layout-horizontal","17":"ast-qv-on-image","19":"first","20":"instock","21":"shipping-taxable","22":"product-type-variable"},"acf":[],"_links":{"self":[{"href":"https:\/\/wpa-shop.com\/de\/wp-json\/wp\/v2\/product\/8545","targetHints":{"allow":["GET"]}}],"collection":[{"href":"https:\/\/wpa-shop.com\/de\/wp-json\/wp\/v2\/product"}],"about":[{"href":"https:\/\/wpa-shop.com\/de\/wp-json\/wp\/v2\/types\/product"}],"wp:featuredmedia":[{"embeddable":true,"href":"https:\/\/wpa-shop.com\/de\/wp-json\/wp\/v2\/media\/944"}],"wp:attachment":[{"href":"https:\/\/wpa-shop.com\/de\/wp-json\/wp\/v2\/media?parent=8545"}],"wp:term":[{"taxonomy":"product_brand","embeddable":true,"href":"https:\/\/wpa-shop.com\/de\/wp-json\/wp\/v2\/product_brand?post=8545"},{"taxonomy":"product_cat","embeddable":true,"href":"https:\/\/wpa-shop.com\/de\/wp-json\/wp\/v2\/product_cat?post=8545"},{"taxonomy":"product_tag","embeddable":true,"href":"https:\/\/wpa-shop.com\/de\/wp-json\/wp\/v2\/product_tag?post=8545"}],"curies":[{"name":"wp","href":"https:\/\/api.w.org\/{rel}","templated":true}]}}